{"id":1797,"date":"2011-07-14T19:45:29","date_gmt":"2011-07-14T19:45:29","guid":{"rendered":"http:\/\/magniflex.lt\/\/about\/"},"modified":"2018-04-03T16:38:37","modified_gmt":"2018-04-03T14:38:37","slug":"about","status":"publish","type":"page","link":"http:\/\/magniflex.ee\/ee\/about\/","title":{"rendered":"About"},"content":{"rendered":"<div class=\"row \">\n<div class=\"span4 \"><div class=\"about_wrapper\"><div class=\"about_wrapper_wrap_inner\">\n<h1><strong>Magniflex<\/strong><\/h1>\n<p><img loading=\"lazy\" class=\"alignnone wp-image-2313 size-medium\" src=\"http:\/\/magniflex.lt\/wp-content\/uploads\/2011\/07\/magni-300x285.jpg\" width=\"300\" height=\"285\" srcset=\"http:\/\/magniflex.ee\/wp-content\/uploads\/2011\/07\/magni-300x285.jpg 300w, http:\/\/magniflex.ee\/wp-content\/uploads\/2011\/07\/magni-370x352.jpg 370w, http:\/\/magniflex.ee\/wp-content\/uploads\/2011\/07\/magni.jpg 463w\" sizes=\"(max-width: 300px) 100vw, 300px\" \/><\/p>\n<div class=\"extra-wrap\">\n<p><strong>Une kunst, mis on s\u00fcndinud Itaalias<\/strong><\/p>\n<p>Toscana s\u00fcdames, Itaalia \u00fches k\u00f5ige romantilisemas ja rahulikumas maanurgakeses saab alguse ettev\u00f5tte Magniflex loomise\u00a0 - maailma mugavate madratsite juhtiva tootja ajalugu.<\/p>\n<p>See lugu algas rohkem kui pool sajandit tagasi, kui Juliano Mani tegi koduses t\u00f6\u00f6kojas oma esimese madratsi.<\/p>\n<p>Sellest ajast on m\u00f6\u00f6dunud 50 aastat, t\u00e4nu kaasaegsete tehnoloogiatele, innovatiivsetele materjalidele, s\u00fcvenenud uuringutele mugava une valdkonnas Magniflexist on saanud maailma liider madratsite ning une ja puhkamise toodete tootmises.<\/p>\n<p>Rohkem kui 80 mln. inimest 70 riigist \u00fcle maailma on usaldanud oma une Magniflex madratsitele.<\/p>\n<\/div>\n<div class=\"spacer\"><\/div><!-- .spacer (end) -->\n<\/div><\/div><\/div>\n<div class=\"span8 \"><div class=\"history_wrapper\"><div class=\"history_wrapper_wrap_inner\">\n<h2><strong>Miks p\u00e4rast me valime Magniflex<\/strong>:<\/h2>\n<div class=\"list styled angle-list\">\n<ul>\n<li>50-aastane kogemus mugavate madratsite arendamises<\/li>\n<li>70 riiki maailmas on valinud<\/li>\n<li>Magniflex Tootmise t\u00e4ists\u00fckli vabrik<\/li>\n<li>100% disain ja tootmine Itaalias.<\/li>\n<li>Kvaliteedikontroll k\u00f5igidel tootmisetapidel Euroopa ja maailma laborite sertifitseerimine Koost\u00f6\u00f6 spetsialistidega meditsiini ja mugava une valdkonnas.<\/li>\n<li>Rahvusvahelised kvaliteedi- ja keskkonnanormide standardid<\/li>\n<li>Magniflex madrats- mugava une s\u00fcsteem ja hoolitsus tervise ja heaolu eest.<\/li>\n<li>Kolm mugavuse taseme s\u00fcsteemi s\u00f5ltumatult inimese vanusest, kehakaalust ja kasvust Soovitatav kasutamiseks meditsiinilistes asutustes<\/li>\n<li>Madratsi v\u00f5ime tagada ortopeedilist \u0438 anatoomilist efekti.<\/li>\n<li>Materjalide k\u00e4rge vastupidus sisse vajutamisele ja deformatsioonile<\/li>\n<li>Madratsi vaakumpakend<\/li>\n<\/ul>\n<\/div>\n<div class=\"spacer\"><\/div><!-- .spacer (end) -->\n<\/div><\/div><\/div>\n<\/div><!-- .row (end) -->\n<div class=\"team_wrapper\"><div class=\"team_wrapper_wrap_inner\">\n<section class=\"parallax-box image-parallax-box \" ><div class=\"parallax-content\">\n<div class=\"row \">\n<div class=\"span4 \"><h2><strong>MEIST:<\/strong><\/h2>\n<div class=\"spacer\"><\/div><!-- .spacer (end) --><\/div>\n<div class=\"span8 \"><p>Ettev\u00f5te Alessanderx Spa, millele kuulub kaubam\u00e4rk MAGNIFLEX ja madratsite tootmise vabrik, on asutatud 1962. aastal. Tootmisv\u00f5imsused asuvad Itaalias: Toscana regioon, linn Prato ( suuruselt teine linn regioonis p\u00e4rast Firenze\u00b4t) aadressil:<\/p>\n<p>59100 Prato, Via San Leonardo da Porto Maurizio 24\/26\/28 - Tel +39 057451011 Fax +39 0574 5101.235. <a href=\"http:\/\/www.magniflex.com\">http:\/\/www.magniflex.com<\/a> Tootmisv\u00f5imsused v\u00f5imaldavad toota kuni 10 000 madratsit p\u00e4evas. MAGNIFLEX on rohkem kui 50-aastane une ja puhkamise toodete valmistamise kogemus. MAGNIFLEX firmasalongid asuvad \u00fcle maailma: L\u00e4\u00e4ne-ja Ida-Euroopa, US\u0410, \u041a\u0430n\u0430d\u0430, India, Jaapan, Hiina, Austraalia, A\u00dcE, Iisrael,<\/p>\n<p>Erinevatele riikidele vabrik valmistab j\u00e4rgmiseid madratsite liine:<\/p>\n<p><strong>Magniflex <\/strong>- premium liin<\/p>\n<p>Piere Cardin.Tonino Lamborghini - fashion liin<\/p>\n<p>Geoethic Naturally - \u00f5ko liin<\/p>\n<p>Dormir. Relaxsan - standart liin<\/p>\n<div class=\"spacer\"><\/div><!-- .spacer (end) --><\/div>\n<\/div><!-- .row (end) -->\n<div class=\"clear\"><\/div><\/div><div class=\"parallax-bg\" data-parallax-type=\"image\" data-img-url=\"http:\/\/magniflex.lt\/wp-content\/uploads\/2016\/12\/bg_pic55.jpg\" data-speed=\"normal\" data-invert=\"false\" data-fullwidth=\"true\"><\/div><\/section>\n<\/div><\/div>\n<div class=\"advantages_wrapper\"><div class=\"advantages_wrapper_wrap_inner\">\n<div class=\"row \">\n<div class=\"span4 \"><h2><strong>\u00a0MEIE EETIKA:<\/strong><\/h2>\n<p>Ohutus inimese tervisele ja materjalide \u00f6koloogilisus\u00a0 - meie eetika peamised p\u00f5him\u00f5tted. Materjalide valikul kasutatakse kaasaegseid tehnoloogiaid ja innovatsioone \u00f6koloogia valdkonnas, mis tagavad maksimaalset inimese tervise ja keskkonna kaitset. K\u00f5ik kasutatavad materjalid l\u00e4bivad range kontrolli ja standartseerimise ohutuse parameetrite j\u00e4rgi.<br \/>\n<div class=\"spacer\"><\/div><!-- .spacer (end) --><\/div>\n<div class=\"span8 \"><h2><strong>PUHKAMISE FILOSOOFIA:<\/strong><\/h2>\n<p>MAGNIFLEX esimest korda arendas ja kasutas kaasaegse une filosoofia koostisosasid:<\/p>\n<ol>\n<li>Tervis<\/li>\n<li>Ohutus<\/li>\n<li>Mugavus<\/li>\n<li>Kvaliteet<\/li>\n<li>\u00d6koloogilisus<\/li>\n<\/ol>\n<p>Pidevad magamise kultuuri uuringud ja tundma\u00f5ppimised; samuti ka puhkamiseks kaasaegsete meetodite ja materjalide kasutamine v\u00f5imaldavad meil luua mitte lihtsalt madratseid, kuid MUGAVA UNE S\u00dcSTEEME.<\/p>\n<p>MUGAVA UNE S\u00dcSTEEM sisaldab l\u00fclisamba ortopeedilise tuge koos aatomi efektiga, materjalide termoreguleerimise funktsiooni ja mugavuse k\u00f5rge tasemega.<\/p>\n<div class=\"spacer\"><\/div><!-- .spacer (end) --><\/div>\n<\/div><!-- .row (end) -->\n<\/div><\/div>","protected":false},"excerpt":{"rendered":"","protected":false},"author":1,"featured_media":0,"parent":0,"menu_order":1,"comment_status":"open","ping_status":"open","template":"page-fullwidth.php","meta":[],"_links":{"self":[{"href":"http:\/\/magniflex.ee\/ee\/wp-json\/wp\/v2\/pages\/1797"}],"collection":[{"href":"http:\/\/magniflex.ee\/ee\/wp-json\/wp\/v2\/pages"}],"about":[{"href":"http:\/\/magniflex.ee\/ee\/wp-json\/wp\/v2\/types\/page"}],"author":[{"embeddable":true,"href":"http:\/\/magniflex.ee\/ee\/wp-json\/wp\/v2\/users\/1"}],"replies":[{"embeddable":true,"href":"http:\/\/magniflex.ee\/ee\/wp-json\/wp\/v2\/comments?post=1797"}],"version-history":[{"count":18,"href":"http:\/\/magniflex.ee\/ee\/wp-json\/wp\/v2\/pages\/1797\/revisions"}],"predecessor-version":[{"id":2897,"href":"http:\/\/magniflex.ee\/ee\/wp-json\/wp\/v2\/pages\/1797\/revisions\/2897"}],"wp:attachment":[{"href":"http:\/\/magniflex.ee\/ee\/wp-json\/wp\/v2\/media?parent=1797"}],"curies":[{"name":"wp","href":"https:\/\/api.w.org\/{rel}","templated":true}]}}