{"id":203,"date":"2011-09-14T09:45:02","date_gmt":"2011-09-14T09:45:02","guid":{"rendered":"http:\/\/magniflex.lt\/\/"},"modified":"2018-04-03T20:08:59","modified_gmt":"2018-04-03T18:08:59","slug":"home","status":"publish","type":"page","link":"http:\/\/magniflex.ee\/ee\/","title":{"rendered":"Home"},"content":{"rendered":"<div class=\"parallax_wrapper\"><div class=\"parallax_wrapper_wrap_inner\">\n<section class=\"parallax-box video-parallax-box \" ><div class=\"parallax-content\">\n<div class=\"row \">\n<div class=\"span12 \"><!--\n\n\n<h1 style=\"text-align: center;\">Suur talvine pakkumine!\n1.12 - 31.12 k\u00f5ikidele meie klientidele\neripakkumine <span style=\"color: #ff0000;\">-24%<\/span> <br \/>ja eriteenus <br \/><span style=\"color: #ff0000;\"> vana madratsi v\u00e4ljaviimine on tasuta.<\/span>\nOotame Teid meie salongis.<\/h1>\n\n\n--><\/p>\n<h1><em> Nendele, kes armastavad un. Liider madratsite maailmas<\/em><\/h1>\n<a href=\"shop\" title=\"Kaubad\" class=\"btn btn-default btn-normal btn-inline \" target=\"_self\">Kaubad<\/a><!-- .btn --><\/div>\n<\/div><!-- .row (end) -->\n<div class=\"clear\"><\/div><\/div><div class=\"parallax-bg\" data-parallax-type=\"video\" data-img-url=\"http:\/\/magniflex.lt\/wp-content\/uploads\/2016\/12\/bg_pic11.jpg\" data-speed=\"none\" data-invert=\"false\" data-mute=\"false\" data-fullwidth=\"true\"><video class=\"parallax_media parallax-bg-inner load\" poster=\"http:\/\/magniflex.lt\/wp-content\/uploads\/2016\/12\/bg_pic11.jpg\" loop><source src=\"http:\/\/magniflex.lt\/wp-content\/uploads\/2016\/12\/video111.mp4\" type=\"video\/mp4\"><source src=\"\" type=\"video\/webm\"><source src=\"\" type=\"video\/ogg\"><\/video><\/div><\/section>\n<\/div><\/div>\n<div class=\"banner_wrapper\"><div class=\"banner_wrapper_wrap_inner\">\n<div class=\"banner-wrap box1\"><a href=\"product-category\/mattress\/\" title=\"<strong>Madratsid<\/strong>\"><img src=\"http:\/\/magniflex.ee\/wp-content\/uploads\/2016\/12\/baner111.jpg\" title=\"<strong>Madratsid<\/strong>\" alt=\"\" \/><div class=\"caption\"><h5><strong>Madratsid<\/strong><\/h5><p>Mugav magamiseks s\u00fcsteemi ja hoida tervist ja heaolu<\/p><div class=\"link-align banner-btn\"><span title=\"More\" class=\"btn btn-link\" target=\"_self\">More<\/span><\/div><\/div><\/a><\/figure><\/div><!-- .banner-wrap (end) -->\n<div class=\"banner-wrap box2\"><a href=\"product-category\/pillows\/\" title=\"<strong>Padjad<\/strong>\"><img src=\"http:\/\/magniflex.ee\/wp-content\/uploads\/2016\/12\/baner22.jpg\" title=\"<strong>Padjad<\/strong>\" alt=\"\" \/><div class=\"caption\"><h5><strong>Padjad<\/strong><\/h5><p>anatoomilise ja ortopeediliste m\u00f5ju<\/p><div class=\"link-align banner-btn\"><span title=\"More\" class=\"btn btn-link\" target=\"_self\">More<\/span><\/div><\/div><\/a><\/figure><\/div><!-- .banner-wrap (end) -->\n<div class=\"banner-wrap box3\"><a href=\"product-category\/protectors\/\" title=\"<strong>Madratsikatted<\/strong>\"><img src=\"http:\/\/magniflex.ee\/wp-content\/uploads\/2016\/12\/baner333.jpg\" title=\"<strong>Madratsikatted<\/strong>\" alt=\"\" \/><div class=\"caption\"><h5><strong>Madratsikatted<\/strong><\/h5><p><strong>Hea ja h\u00fcgieenilise puhkuse garantii<\/strong><\/p><div class=\"link-align banner-btn\"><span title=\"More\" class=\"btn btn-link\" target=\"_self\">More<\/span><\/div><\/div><\/a><\/figure><\/div><!-- .banner-wrap (end) -->\n<div class=\"banner-wrap box4\"><a href=\"info\/akcia-01-12-2017-01-01-2018\/\" title=\"<strong>SOODUSKAMPAANIA<\/strong>\"><img src=\"http:\/\/magniflex.ee\/wp-content\/uploads\/2017\/09\/akcia.jpg\" title=\"<strong>SOODUSKAMPAANIA<\/strong>\" alt=\"\" \/><div class=\"caption\"><h5><strong>SOODUSKAMPAANIA<\/strong><\/h5><p><strong>01.12.2017\u2013 01.01.2018<\/strong><\/p><div class=\"link-align banner-btn\"><span title=\"More\" class=\"btn btn-link\" target=\"_self\">More<\/span><\/div><\/div><\/a><\/figure><\/div><!-- .banner-wrap (end) -->\n<\/div><\/div>\n<div class=\"product_wrapper\"><div class=\"product_wrapper_wrap_inner\">\n<div class=\"row \">\n<div class=\"span12 \"><h2>featured products<\/h2>\n<div class=\"woocommerce columns-4 \"><ul class=\"products columns-4\">\n<li class=\"product type-product post-2862 status-publish first outofstock product_cat-mattress has-post-thumbnail featured shipping-taxable purchasable product-type-variable\">\n\t<div class=\"cherry-thumb-wrap\"><span class=\"btn cherry-quick-view\" data-product=\"2862\">Quick view<\/span><\/div><div class=\"product-list-buttons\"><\/div><\/li>\n<li class=\"product type-product post-1958 status-publish instock product_cat-pillows has-post-thumbnail featured shipping-taxable purchasable product-type-simple\">\n\t<div class=\"cherry-thumb-wrap\"><span class=\"btn cherry-quick-view\" data-product=\"1958\">Quick view<\/span><\/div><div class=\"product-list-buttons\"><\/div><\/li>\n<li class=\"product type-product post-1950 status-publish instock product_cat-pillows has-post-thumbnail featured shipping-taxable purchasable product-type-simple\">\n\t<div class=\"cherry-thumb-wrap\"><span class=\"btn cherry-quick-view\" data-product=\"1950\">Quick view<\/span><\/div><div class=\"product-list-buttons\"><\/div><\/li>\n<li class=\"product type-product post-1946 status-publish last instock product_cat-mattress has-post-thumbnail featured shipping-taxable purchasable product-type-variable\">\n\t<div class=\"cherry-thumb-wrap\"><span class=\"btn cherry-quick-view\" data-product=\"1946\">Quick view<\/span><\/div><div class=\"product-list-buttons\"><\/div><\/li>\n<li class=\"product type-product post-1942 status-publish first instock product_cat-pillows has-post-thumbnail featured shipping-taxable purchasable product-type-simple\">\n\t<div class=\"cherry-thumb-wrap\"><span class=\"btn cherry-quick-view\" data-product=\"1942\">Quick view<\/span><\/div><div class=\"product-list-buttons\"><\/div><\/li>\n<li class=\"product type-product post-1938 status-publish instock product_cat-mattress has-post-thumbnail featured shipping-taxable purchasable product-type-variable\">\n\t<div class=\"cherry-thumb-wrap\"><span class=\"btn cherry-quick-view\" data-product=\"1938\">Quick view<\/span><\/div><div class=\"product-list-buttons\"><\/div><\/li>\n<li class=\"product type-product post-1934 status-publish instock product_cat-mattress has-post-thumbnail featured shipping-taxable purchasable product-type-variable\">\n\t<div class=\"cherry-thumb-wrap\"><span class=\"btn cherry-quick-view\" data-product=\"1934\">Quick view<\/span><\/div><div class=\"product-list-buttons\"><\/div><\/li>\n<li class=\"product type-product post-1930 status-publish last instock product_cat-pillows has-post-thumbnail featured shipping-taxable purchasable product-type-simple\">\n\t<div class=\"cherry-thumb-wrap\"><span class=\"btn cherry-quick-view\" data-product=\"1930\">Quick view<\/span><\/div><div class=\"product-list-buttons\"><\/div><\/li>\n<\/ul>\n<\/div><\/div>\n<\/div><!-- .row (end) -->\n<\/div><\/div>\n<div class=\"blog_wrapper1\"><div class=\"blog_wrapper1_wrap_inner\">\n<section class=\"parallax-box image-parallax-box \" ><div class=\"parallax-content\">\n<div class=\"row \">\n<div class=\"span12 \"><ul class=\"posts-grid row-fluid unstyled  ul-item-0\"><li class=\"span12 list-item-1\"><div class=\"caption\"><h5><a href=\"http:\/\/magniflex.ee\/ee\/info\/kak-pravilno-vybrat-i-kakim-dolzhen-b\/\" title=\"Kuidas valida kattemadratsit ja missugune peab \u00fcks \u00f5ige kattemadrats olema?\">Kuidas valida kattemadratsit ja missugune peab \u00fcks \u00f5ige kattemadrats olema?<\/a><\/h5><\/div><p class=\"excerpt\">Kattemadratsi pea\u00fclesandeks on p\u00f5himadratsi kaitse mustuse, tolmu ja k\u00f5ige t\u00e4htsam \u2013 niiskuse eest. Missuguseid kattemadratseid v\u00f5ib tarbija valida? Tepitud kattemadrats t\u00e4idisega \u2013 on toodetud kunstlikest v\u00f5i looduslikest materjalidest (ees-ja tagapool) ja t\u00e4idisest, milleks saab olla fiiber, puuvillane vatt, vill, pol\u00fcester. Selline kate kaitseb ainult tolmust ja mustusest, kuid laseb kergesti niiskust l\u00e4bi, mis satub otse p\u00f5himadratsi katte peale. Tihtipeale valitakse&nbsp;Continue Reading<\/p><a href=\"http:\/\/magniflex.ee\/ee\/info\/kak-pravilno-vybrat-i-kakim-dolzhen-b\/\" class=\"btn btn-primary\" title=\"Kuidas valida kattemadratsit ja missugune peab \u00fcks \u00f5ige kattemadrats olema?\">More<\/a><\/li><\/ul><!-- .posts-grid (end) --><\/div>\n<\/div><!-- .row (end) -->\n<div class=\"clear\"><\/div><\/div><div class=\"parallax-bg\" data-parallax-type=\"image\" data-img-url=\"http:\/\/magniflex.lt\/wp-content\/uploads\/2016\/12\/bg_pic22.jpg\" data-speed=\"normal\" data-invert=\"false\" data-fullwidth=\"true\"><\/div><\/section>\n<\/div><\/div>\n<div class=\"blog_wrapper1\"><div class=\"blog_wrapper1_wrap_inner\">\n<section class=\"parallax-box image-parallax-box \" ><div class=\"parallax-content\">\n<div class=\"row \">\n<div class=\"span12 \"><ul class=\"posts-grid row-fluid unstyled  ul-item-0\"><li class=\"span12 list-item-1\"><div class=\"caption\"><h5><a href=\"http:\/\/magniflex.ee\/ee\/info\/mattress-magniflex\/\" title=\"MAGNIFLEX vedrudeta madratsite eelised\">MAGNIFLEX vedrudeta madratsite eelised<\/a><\/h5><\/div><p class=\"excerpt\">Tagab inimese kehakaalu \u00fchtlast jaotust\u00a0 \u00fcle madratsi kogu pinda\u00a0 - t\u00e4nu mikropoorsele struktuurile, vedrudeta materjal, see blokk, mis koosneb sadadest tuhandetest \"mikrovedrutest\".<\/p><a href=\"http:\/\/magniflex.ee\/ee\/info\/mattress-magniflex\/\" class=\"btn btn-primary\" title=\"MAGNIFLEX vedrudeta madratsite eelised\">More<\/a><\/li><\/ul><!-- .posts-grid (end) --><\/div>\n<\/div><!-- .row (end) -->\n<div class=\"clear\"><\/div><\/div><div class=\"parallax-bg\" data-parallax-type=\"image\" data-img-url=\"http:\/\/magniflex.lt\/wp-content\/uploads\/2016\/12\/bg_pic44.jpg\" data-speed=\"normal\" data-invert=\"false\" data-fullwidth=\"true\"><\/div><\/section>\n<\/div><\/div>","protected":false},"excerpt":{"rendered":"","protected":false},"author":1,"featured_media":0,"parent":0,"menu_order":0,"comment_status":"open","ping_status":"closed","template":"page-home.php","meta":[],"_links":{"self":[{"href":"http:\/\/magniflex.ee\/ee\/wp-json\/wp\/v2\/pages\/203"}],"collection":[{"href":"http:\/\/magniflex.ee\/ee\/wp-json\/wp\/v2\/pages"}],"about":[{"href":"http:\/\/magniflex.ee\/ee\/wp-json\/wp\/v2\/types\/page"}],"author":[{"embeddable":true,"href":"http:\/\/magniflex.ee\/ee\/wp-json\/wp\/v2\/users\/1"}],"replies":[{"embeddable":true,"href":"http:\/\/magniflex.ee\/ee\/wp-json\/wp\/v2\/comments?post=203"}],"version-history":[{"count":85,"href":"http:\/\/magniflex.ee\/ee\/wp-json\/wp\/v2\/pages\/203\/revisions"}],"predecessor-version":[{"id":2902,"href":"http:\/\/magniflex.ee\/ee\/wp-json\/wp\/v2\/pages\/203\/revisions\/2902"}],"wp:attachment":[{"href":"http:\/\/magniflex.ee\/ee\/wp-json\/wp\/v2\/media?parent=203"}],"curies":[{"name":"wp","href":"https:\/\/api.w.org\/{rel}","templated":true}]}}