{"id":1921,"date":"2013-09-05T12:28:28","date_gmt":"2013-09-05T12:28:28","guid":{"rendered":"http:\/\/192.168.9.40\/_2014\/_04-April\/woocommerce_upd\/product\/product-3\/"},"modified":"2019-03-21T16:51:45","modified_gmt":"2019-03-21T14:51:45","slug":"actipur","status":"publish","type":"product","link":"http:\/\/magniflex.ee\/ee\/product\/actipur\/","title":{"rendered":"ACTIPUR"},"content":{"rendered":"Hingav, veekindel, kaitsev madratsikate koos membraaniga \u00ab\u0430quastop\u00bb. Madratsikatte pealmine pool: 100% \u00abm\u0430hra\u00bb puuvili termoreguleerivate omadustega. Elastne membraan \"Aquastop\" vee baasil k\u00f5rge \u00f5hu l\u00e4bilaskvusega.<\/p>\n<p>\u00abM\u0430hra\u00bb puuvillal on k\u00f5rged kapillaarsed omadused, mis v\u00f5imaldavad viia niiskuse kehapinnalt eemale, seega tagades mugava mikrokliima une ja puhkamise jaoks. Sanitaarne kanga t\u00f6\u00f6tlemine tagab madratsikatte antibakteriaalse ja allergiavastase kaitse.<\/p>\n<p>Koostis: madratsikatte pealmine pool - 100% \u00abm\u0430hra\u00bb puuvill.<\/p>\n<p>Madratsikatte alumine pool - pol\u00fcuretaanmembraan \"Aquastop<\/p>\n[ultimatetables 24 \/]","protected":false},"excerpt":{"rendered":"<p>Hingav, veekindel, kaitsev madratsikate koos membraaniga \u00ab\u0430quastop\u00bb.<\/p>\n","protected":false},"featured_media":2257,"comment_status":"closed","ping_status":"closed","template":"","meta":[],"_links":{"self":[{"href":"http:\/\/magniflex.ee\/ee\/wp-json\/wp\/v2\/product\/1921"}],"collection":[{"href":"http:\/\/magniflex.ee\/ee\/wp-json\/wp\/v2\/product"}],"about":[{"href":"http:\/\/magniflex.ee\/ee\/wp-json\/wp\/v2\/types\/product"}],"replies":[{"embeddable":true,"href":"http:\/\/magniflex.ee\/ee\/wp-json\/wp\/v2\/comments?post=1921"}],"wp:featuredmedia":[{"embeddable":true,"href":"http:\/\/magniflex.ee\/ee\/wp-json\/wp\/v2\/media\/2257"}],"wp:attachment":[{"href":"http:\/\/magniflex.ee\/ee\/wp-json\/wp\/v2\/media?parent=1921"}],"curies":[{"name":"wp","href":"https:\/\/api.w.org\/{rel}","templated":true}]}}