{"id":1926,"date":"2013-09-05T12:34:08","date_gmt":"2013-09-05T12:34:08","guid":{"rendered":"http:\/\/192.168.9.40\/_2014\/_04-April\/woocommerce_upd\/product\/product-7\/"},"modified":"2019-03-21T16:53:05","modified_gmt":"2019-03-21T14:53:05","slug":"estel","status":"publish","type":"product","link":"http:\/\/magniflex.ee\/ee\/product\/estel\/","title":{"rendered":"ESTEL"},"content":{"rendered":"Hingav, veekindel, kaitsev madratsikate koos membraaniga \u00ab\u0430quastop\u00bb. Madratsikatte pealmine pool: termoreguleeriv kangas tensel (puuvill eukal\u00fcpti kiudude lisamisega) koos k\u00f5rgete kapillaarsete omadustega.<\/p>\n<p>Elastne membraan \"Aquastop\" vee baasil k\u00f5rge \u00f5hu l\u00e4bilaskvusega. Sanitaarne kanga t\u00f6\u00f6tlemine tagab madratsikatte antibakteriaalse ja allergiavastase kaitse.<\/p>\n<p>Koostis: madratsikate pealmine ppool \u2013 Tensel looduslik kiud, madratsikatte alumine pool \u2013Aquastop pol\u00fcuretaanmembraan<\/p>\n[ultimatetables 22 \/]","protected":false},"excerpt":{"rendered":"<p>Hingav, veekindel, kaitsev madratsikate koos membraaniga \u00ab\u0430quastop\u00bb.<\/p>\n","protected":false},"featured_media":2258,"comment_status":"closed","ping_status":"closed","template":"","meta":[],"_links":{"self":[{"href":"http:\/\/magniflex.ee\/ee\/wp-json\/wp\/v2\/product\/1926"}],"collection":[{"href":"http:\/\/magniflex.ee\/ee\/wp-json\/wp\/v2\/product"}],"about":[{"href":"http:\/\/magniflex.ee\/ee\/wp-json\/wp\/v2\/types\/product"}],"replies":[{"embeddable":true,"href":"http:\/\/magniflex.ee\/ee\/wp-json\/wp\/v2\/comments?post=1926"}],"wp:featuredmedia":[{"embeddable":true,"href":"http:\/\/magniflex.ee\/ee\/wp-json\/wp\/v2\/media\/2258"}],"wp:attachment":[{"href":"http:\/\/magniflex.ee\/ee\/wp-json\/wp\/v2\/media?parent=1926"}],"curies":[{"name":"wp","href":"https:\/\/api.w.org\/{rel}","templated":true}]}}