{"id":1930,"date":"2013-09-05T12:35:20","date_gmt":"2013-09-05T12:35:20","guid":{"rendered":"http:\/\/192.168.9.40\/_2014\/_04-April\/woocommerce_upd\/product\/product-8\/"},"modified":"2018-03-27T12:28:01","modified_gmt":"2018-03-27T10:28:01","slug":"memoform-massage","status":"publish","type":"product","link":"http:\/\/magniflex.ee\/ee\/product\/memoform-massage\/","title":{"rendered":"Padi MEMOFORM \u041c\u0430saa\u017e"},"content":{"rendered":"Padja keskosa p\u00fcramiiditaolised \"ogad\" suurendavad verevoolu pea kukla- v\u00f5ioimuosale. Kaks erineva k\u00f5rgusega \"lainet\" tagavad aktiivset ergonoomikat l\u00fclisamba kaelaosa jaoks. N\u00f5gus sissepoole padja vorm tagab kindla toetuse peale, seega k\u00f5rvaldades l\u00fclisamba k\u00f5verdumise v\u00f5imalust.<\/p>\n<p><strong>Hind: 120 EUR.<\/strong>","protected":false},"excerpt":{"rendered":"<p>Suurus: 70*39*hll<\/p>\n<p>T\u00e4iteaine: Memoform\u00ae<\/p>\n<p>Kate: termoreguleeriv kangas Coolmax\u00ae<\/p>\n<p>Kasutusaeg: 10 aastat<\/p>\n","protected":false},"featured_media":2252,"comment_status":"closed","ping_status":"closed","template":"","meta":[],"_links":{"self":[{"href":"http:\/\/magniflex.ee\/ee\/wp-json\/wp\/v2\/product\/1930"}],"collection":[{"href":"http:\/\/magniflex.ee\/ee\/wp-json\/wp\/v2\/product"}],"about":[{"href":"http:\/\/magniflex.ee\/ee\/wp-json\/wp\/v2\/types\/product"}],"replies":[{"embeddable":true,"href":"http:\/\/magniflex.ee\/ee\/wp-json\/wp\/v2\/comments?post=1930"}],"wp:featuredmedia":[{"embeddable":true,"href":"http:\/\/magniflex.ee\/ee\/wp-json\/wp\/v2\/media\/2252"}],"wp:attachment":[{"href":"http:\/\/magniflex.ee\/ee\/wp-json\/wp\/v2\/media?parent=1930"}],"curies":[{"name":"wp","href":"https:\/\/api.w.org\/{rel}","templated":true}]}}