{"id":1942,"date":"2013-09-05T12:37:57","date_gmt":"2013-09-05T12:37:57","guid":{"rendered":"http:\/\/192.168.9.40\/_2014\/_04-April\/woocommerce_upd\/product\/product-11\/"},"modified":"2018-03-26T14:24:22","modified_gmt":"2018-03-26T12:24:22","slug":"memofort-wave","status":"publish","type":"product","link":"http:\/\/magniflex.ee\/ee\/product\/memofort-wave\/","title":{"rendered":"Padi MEMOFORM Laine"},"content":{"rendered":"Anatoomiline padi aktiivse ergonoomikaga ja sisemise tugistruktuuriga tagab maksimaalse loomuliku l\u00fclisamba kaelaosa asendi une ja puhkamise ajal. Erineva k\u00f5rgusega \"lained\" tagavad optimaalse mugavuse valiku une ajal selili v\u00f5i k\u00fclje peal. Pea asumine padja keskosas v\u00f5imaldab v\u00e4ltida soovimatuid moonutusi.<\/p>\n<p><strong>Hind: 120 EUR.<\/strong>","protected":false},"excerpt":{"rendered":"<p>Suurus: 60*43*h11\/10<\/p>\n<p>T\u00e4iteaine: Memoform\u00ae<\/p>\n<p>Kate: termoreguleeriv kangas Coolmax\u00ae<\/p>\n<p>Kasutusaeg: 10 aastat<\/p>\n","protected":false},"featured_media":2255,"comment_status":"closed","ping_status":"closed","template":"","meta":[],"_links":{"self":[{"href":"http:\/\/magniflex.ee\/ee\/wp-json\/wp\/v2\/product\/1942"}],"collection":[{"href":"http:\/\/magniflex.ee\/ee\/wp-json\/wp\/v2\/product"}],"about":[{"href":"http:\/\/magniflex.ee\/ee\/wp-json\/wp\/v2\/types\/product"}],"replies":[{"embeddable":true,"href":"http:\/\/magniflex.ee\/ee\/wp-json\/wp\/v2\/comments?post=1942"}],"wp:featuredmedia":[{"embeddable":true,"href":"http:\/\/magniflex.ee\/ee\/wp-json\/wp\/v2\/media\/2255"}],"wp:attachment":[{"href":"http:\/\/magniflex.ee\/ee\/wp-json\/wp\/v2\/media?parent=1942"}],"curies":[{"name":"wp","href":"https:\/\/api.w.org\/{rel}","templated":true}]}}