{"id":1950,"date":"2013-09-05T12:39:27","date_gmt":"2013-09-05T12:39:27","guid":{"rendered":"http:\/\/192.168.9.40\/_2014\/_04-April\/woocommerce_upd\/product\/product-13\/"},"modified":"2019-03-21T16:55:50","modified_gmt":"2019-03-21T14:55:50","slug":"memoform-comfort","status":"publish","type":"product","link":"http:\/\/magniflex.ee\/ee\/product\/memoform-comfort\/","title":{"rendered":"Padi MEMOFORM Mugavus"},"content":{"rendered":"Anatoomiline mugav padi koos v\u00e4ljendunud kaelaaluse ruliiga inimeste jaoks, kes armastavad magada ilma padjata. Tagab l\u00fclisamba kaelaosa \u00f5iget fikseeritud asendit ilma liigse surveta<\/p>\n<p><strong>Hind:\u00a0105\u00a0EUR.<\/strong>","protected":false},"excerpt":{"rendered":"<p>Suurus: 52*32*h16<\/p>\n<p>T\u00e4iteaine: Memoform\u00ae<\/p>\n<p>Kate: termoreguleeriv kangas Coolmax\u00ae<\/p>\n<p>Kasutusaeg: 10 aastat<\/p>\n","protected":false},"featured_media":2251,"comment_status":"closed","ping_status":"closed","template":"","meta":[],"_links":{"self":[{"href":"http:\/\/magniflex.ee\/ee\/wp-json\/wp\/v2\/product\/1950"}],"collection":[{"href":"http:\/\/magniflex.ee\/ee\/wp-json\/wp\/v2\/product"}],"about":[{"href":"http:\/\/magniflex.ee\/ee\/wp-json\/wp\/v2\/types\/product"}],"replies":[{"embeddable":true,"href":"http:\/\/magniflex.ee\/ee\/wp-json\/wp\/v2\/comments?post=1950"}],"wp:featuredmedia":[{"embeddable":true,"href":"http:\/\/magniflex.ee\/ee\/wp-json\/wp\/v2\/media\/2251"}],"wp:attachment":[{"href":"http:\/\/magniflex.ee\/ee\/wp-json\/wp\/v2\/media?parent=1950"}],"curies":[{"name":"wp","href":"https:\/\/api.w.org\/{rel}","templated":true}]}}