{"id":1958,"date":"2013-09-05T12:41:04","date_gmt":"2013-09-05T12:41:04","guid":{"rendered":"http:\/\/192.168.9.40\/_2014\/_04-April\/woocommerce_upd\/product\/product-15\/"},"modified":"2019-03-21T16:55:11","modified_gmt":"2019-03-21T14:55:11","slug":"memoform-std","status":"publish","type":"product","link":"http:\/\/magniflex.ee\/ee\/product\/memoform-std\/","title":{"rendered":"Padi MEMOFORM Standart"},"content":{"rendered":"Anatoomiline padi klassikalist vormi passiivse ergonoomikaga l\u00fclisamba kaelaosa jaoks. Leevendab vastur\u00f5hku, tagab vere ja l\u00fcmfi vaba liikumist pea kuklaluu- ja oimuosas. Perforatsioon (augud), mis asub padjad keskosas, tagab k\u00f5rge \u00f5hu l\u00e4bilaskvuse ning soojuse ja niiskuse kiiret v\u00e4ljaviimist.<\/p>\n<p><strong>Hind:<\/strong>\u00a0<strong>120 EUR.<\/strong>","protected":false},"excerpt":{"rendered":"<p>Suurus: 72*42*h12<\/p>\n<p>T\u00e4iteaine: Memoform\u00ae<\/p>\n<p>Kate: termoreguleeriv kangas Coolmax\u00ae<\/p>\n<p>Kasutusaeg: 10 aastat<\/p>\n","protected":false},"featured_media":2253,"comment_status":"closed","ping_status":"closed","template":"","meta":[],"_links":{"self":[{"href":"http:\/\/magniflex.ee\/ee\/wp-json\/wp\/v2\/product\/1958"}],"collection":[{"href":"http:\/\/magniflex.ee\/ee\/wp-json\/wp\/v2\/product"}],"about":[{"href":"http:\/\/magniflex.ee\/ee\/wp-json\/wp\/v2\/types\/product"}],"replies":[{"embeddable":true,"href":"http:\/\/magniflex.ee\/ee\/wp-json\/wp\/v2\/comments?post=1958"}],"wp:featuredmedia":[{"embeddable":true,"href":"http:\/\/magniflex.ee\/ee\/wp-json\/wp\/v2\/media\/2253"}],"wp:attachment":[{"href":"http:\/\/magniflex.ee\/ee\/wp-json\/wp\/v2\/media?parent=1958"}],"curies":[{"name":"wp","href":"https:\/\/api.w.org\/{rel}","templated":true}]}}