{"id":2265,"date":"2016-12-07T17:34:51","date_gmt":"2016-12-07T17:34:51","guid":{"rendered":"http:\/\/magniflex.lt\/?post_type=product&#038;p=2265"},"modified":"2019-03-21T16:49:27","modified_gmt":"2019-03-21T14:49:27","slug":"sanipur","status":"publish","type":"product","link":"http:\/\/magniflex.ee\/ee\/product\/sanipur\/","title":{"rendered":"SANIPUR"},"content":{"rendered":"Madratsikate efektiga \u00abtalv-suvi\u00bb, kus talvine pool 100% \u00abm\u0430hr\u0430\u00bb puuvill ning suvine pool - termoreguleeriv pol\u00fcester. Standartsed \u043eptsioonid\u00a0seentevastase, tolmulestavastase kaitsega on t\u00e4iustatud bioaktiivse immutusega Trevia Fill Bio Active, mis maksimaalselt kaitseb allergia ilmingute eest, takistab astma ilmingute ja l\u00f5hna tekkimist.<\/p>\n<p>Bioaktiivne immutus ei kaota oma omadusi pesu ajal ja madratsikatte hooldusel. Tepitud madratsikate v\u00f5ib v\u00e4hesel m\u00e4\u00e4ral suurendada madratsi mugavuse tasemet.<\/p>\n<p>Koostis: madratsikatte pealmine pool - 100% \"mahra\" puuvill, 200 \u0433\/\u043c2. Madratsikoti alumine osa-termoreguleerivate pol\u00fcestride segu, t\u00e4iteaine - 100% pol\u00fcester, tihendatud suure surve all Trevira Fill Bio Active t\u00f6\u00f6tlemisega.<\/p>\n[ultimatetables 28 \/]","protected":false},"excerpt":{"rendered":"<p>Madratsikate efektiga \u00abtalv-suvi\u00bb, kus talvine pool 100% \u00abm\u0430hr\u0430\u00bb puuvill ning suvine pool - termoreguleeriv pol\u00fcester.<\/p>\n","protected":false},"featured_media":2260,"comment_status":"closed","ping_status":"closed","template":"","meta":[],"_links":{"self":[{"href":"http:\/\/magniflex.ee\/ee\/wp-json\/wp\/v2\/product\/2265"}],"collection":[{"href":"http:\/\/magniflex.ee\/ee\/wp-json\/wp\/v2\/product"}],"about":[{"href":"http:\/\/magniflex.ee\/ee\/wp-json\/wp\/v2\/types\/product"}],"replies":[{"embeddable":true,"href":"http:\/\/magniflex.ee\/ee\/wp-json\/wp\/v2\/comments?post=2265"}],"wp:featuredmedia":[{"embeddable":true,"href":"http:\/\/magniflex.ee\/ee\/wp-json\/wp\/v2\/media\/2260"}],"wp:attachment":[{"href":"http:\/\/magniflex.ee\/ee\/wp-json\/wp\/v2\/media?parent=2265"}],"curies":[{"name":"wp","href":"https:\/\/api.w.org\/{rel}","templated":true}]}}