{"id":2380,"date":"2017-09-26T14:25:44","date_gmt":"2017-09-26T14:25:44","guid":{"rendered":"http:\/\/lvmagniflex.oxygen-studio.com.ua\/?post_type=product&#038;p=2380"},"modified":"2018-03-27T12:06:08","modified_gmt":"2018-03-27T10:06:08","slug":"silk","status":"publish","type":"product","link":"http:\/\/magniflex.ee\/ee\/product\/silk\/","title":{"rendered":"SILK"},"content":{"rendered":"Hingav, veekindel, kaitsev madratsikate membraaniga \"aquastop\". Madratsi peakiht on 100% Bio Dacron \"Velour\", millel on k\u00f5rged kapillaaromadused. Kangas on meeldivalt siidpehme ning sellel on k\u00f5rged termilised omadused. Elastne membraan \"aqua-stop\" vee baasil on k\u00f5rge \u00f5hu l\u00e4bilaskev\u00f5imega. Kanga puhastamine tagab madratsikattele antimikroobse ja allergiavastase kaitse. Soovitatav kasutada k\u00f5ikide madratsi t\u00fc\u00fcpidel, mis sisaldavad vedelat t\u00e4iteainet ja m\u00e4lu efektiga vahtu. Madratsi kontuurribaga kinnituse t\u00fc\u00fcp tagab toote kindla kinnituse madratsi k\u00fclge ilma libisemise ja kortsudeta. Toote peakiht: 100%\u00a0 Bio Dacron \"Velour\".<\/p>\n<p>Kohandatud madratsile pikkusega 190-200cm<\/p>\n<p>Toote p\u00f5hi: niiskuskindel hingav veep\u00f5hine PU membraan<\/p>\n<p>Masinpesu on lubatud. Temperatuur on 60 kraadi.<\/p>\n[ultimatetables 30 \/]","protected":false},"excerpt":{"rendered":"<p><strong>Madratsikate SILK membraaniga \"aqua-stop\"<\/strong><\/p>\n","protected":false},"featured_media":2381,"comment_status":"closed","ping_status":"closed","template":"","meta":[],"_links":{"self":[{"href":"http:\/\/magniflex.ee\/ee\/wp-json\/wp\/v2\/product\/2380"}],"collection":[{"href":"http:\/\/magniflex.ee\/ee\/wp-json\/wp\/v2\/product"}],"about":[{"href":"http:\/\/magniflex.ee\/ee\/wp-json\/wp\/v2\/types\/product"}],"replies":[{"embeddable":true,"href":"http:\/\/magniflex.ee\/ee\/wp-json\/wp\/v2\/comments?post=2380"}],"wp:featuredmedia":[{"embeddable":true,"href":"http:\/\/magniflex.ee\/ee\/wp-json\/wp\/v2\/media\/2381"}],"wp:attachment":[{"href":"http:\/\/magniflex.ee\/ee\/wp-json\/wp\/v2\/media?parent=2380"}],"curies":[{"name":"wp","href":"https:\/\/api.w.org\/{rel}","templated":true}]}}