{"id":2382,"date":"2017-09-26T14:33:20","date_gmt":"2017-09-26T14:33:20","guid":{"rendered":"http:\/\/lvmagniflex.oxygen-studio.com.ua\/?post_type=product&#038;p=2382"},"modified":"2019-03-21T16:46:23","modified_gmt":"2019-03-21T14:46:23","slug":"meddal","status":"publish","type":"product","link":"http:\/\/magniflex.ee\/ee\/product\/meddal\/","title":{"rendered":"MEDDAL"},"content":{"rendered":"Toote pealispind: 100% puuvillane (pehme)<\/p>\n<p>Toote p\u00f5hi: 100% kombineeritud puuvill (pehme)<\/p>\n<p>Kohandatud madratsile pikkusega 190-200cm<\/p>\n<p>&nbsp;<\/p>\n<p>Hingav, veekindel, kaitsev madratsi padi membraaniga \"aquastop\", mis asub puuvillase \u00fclemise ja alumise kihi vahel (\"peidetud membraan\"). Elastne membraan \"aqua-stop\" vee baasil on k\u00f5rge \u00f5hu l\u00e4bilaskev\u00f5imega. Kanga puhastamine tagab madratsikattele antimikroobse ja allergiavastase kaitse<\/p>\n<p>Madratsikatted on valmistatud samast kangast nagu esiosa - ei lase niiskust, ei ole \u00f5mblusi.<\/p>\n<p>Kinnitus on kohandatud madratsile pikkusega 190-200 cm.<\/p>\n<p>Masinpesu on lubatud. Temperatuur on 60 kraadi.<\/p>\n[ultimatetables 32 \/]","protected":false},"excerpt":{"rendered":"<p><strong>MADRATSIKATE MEDDAL INTO <\/strong><strong>MEMBRAANIGA \u201eAQUA STOP\u201c <\/strong><\/p>\n","protected":false},"featured_media":2383,"comment_status":"closed","ping_status":"closed","template":"","meta":[],"_links":{"self":[{"href":"http:\/\/magniflex.ee\/ee\/wp-json\/wp\/v2\/product\/2382"}],"collection":[{"href":"http:\/\/magniflex.ee\/ee\/wp-json\/wp\/v2\/product"}],"about":[{"href":"http:\/\/magniflex.ee\/ee\/wp-json\/wp\/v2\/types\/product"}],"replies":[{"embeddable":true,"href":"http:\/\/magniflex.ee\/ee\/wp-json\/wp\/v2\/comments?post=2382"}],"wp:featuredmedia":[{"embeddable":true,"href":"http:\/\/magniflex.ee\/ee\/wp-json\/wp\/v2\/media\/2383"}],"wp:attachment":[{"href":"http:\/\/magniflex.ee\/ee\/wp-json\/wp\/v2\/media?parent=2382"}],"curies":[{"name":"wp","href":"https:\/\/api.w.org\/{rel}","templated":true}]}}