{"id":2862,"date":"2018-04-02T16:27:30","date_gmt":"2018-04-02T14:27:30","guid":{"rendered":"http:\/\/magniflex.ee\/?post_type=product&#038;p=2862"},"modified":"2025-08-27T20:25:46","modified_gmt":"2025-08-27T18:25:46","slug":"stiloso7","status":"publish","type":"product","link":"http:\/\/magniflex.ee\/ee\/product\/stiloso7\/","title":{"rendered":"Stiloso 7"},"content":{"rendered":"<p style=\"text-align: center;\"><strong>KOMFORTSE UNE S\u00dcSTEEM<\/strong><\/p>\n<p style=\"text-align: center;\"><strong>ortopeedilise ja anatoomilise efektidega madrats<\/strong><\/p>\n<p style=\"text-align: center;\"><strong>STILOSO 7 h 18 cm<\/strong><\/p>\n<p>&nbsp;<\/p>\n<p><img loading=\"lazy\" class=\"alignnone size-full wp-image-2889 aligncenter\" src=\"http:\/\/magniflex.ee\/wp-content\/uploads\/2018\/04\/STILOSO-8.jpg\" alt=\"STILOSO 7\" width=\"3543\" height=\"2487\" srcset=\"http:\/\/magniflex.ee\/wp-content\/uploads\/2018\/04\/STILOSO-8.jpg 3543w, http:\/\/magniflex.ee\/wp-content\/uploads\/2018\/04\/STILOSO-8-300x211.jpg 300w, http:\/\/magniflex.ee\/wp-content\/uploads\/2018\/04\/STILOSO-8-768x539.jpg 768w, http:\/\/magniflex.ee\/wp-content\/uploads\/2018\/04\/STILOSO-8-1024x719.jpg 1024w, http:\/\/magniflex.ee\/wp-content\/uploads\/2018\/04\/STILOSO-8-370x260.jpg 370w\" sizes=\"(max-width: 3543px) 100vw, 3543px\" \/><\/p>\n<p>Tehniline kirjeldus<\/p>\n<p>Plokki t\u00fc\u00fcp - vedrustamata 2-poolne<\/p>\n<p>Madratsikatet \u00e4ra v\u00f5tta ei saa<\/p>\n<p>K\u00f5rgus - 18 cm<\/p>\n<p>Ortopeediline toime - j\u00e4ik \/ m\u00f5\u00f5dukas<\/p>\n<p>Anatoomiline toime - j\u00e4ik \/ m\u00f5\u00f5dukas<\/p>\n<p>K\u00f5vadus - j\u00e4ik anatoomiline \/ j\u00e4ik<\/p>\n<p>Seljaosa toetus - j\u00e4ik<\/p>\n<p>Kate termoreguleeriv toime - Viscoterm Comfort<\/p>\n<p>Kaalukoormus \u00fchele voodile - kuni 160 kg<\/p>\n<p>Pakendiliik - vaakum<\/p>\n<p>Garantii - 3 aastat<\/p>\n<p>Kasutusaeg maksimaalse kaalukoormusega - 8 aastat<\/p>\n<p><strong>\u00a0<\/strong><\/p>\n<p><strong>\u0421\u043e\u0441\u0442\u0430\u0432 \u0431\u043b\u043e\u043a\u0430<\/strong><\/p>\n<table>\n<tbody>\n<tr>\n<td width=\"50%\">\u00a0<a href=\"http:\/\/magniflex.ee\/wp-content\/uploads\/2018\/04\/111111.jpg\"><img loading=\"lazy\" class=\"alignnone wp-image-2892 size-full\" src=\"http:\/\/magniflex.ee\/wp-content\/uploads\/2018\/04\/111111.jpg\" alt=\"\u0412\u043d\u0443\u0442\u0440\u0435\u043d\u043d\u0438\u0439 \u0431\u043b\u043e\u043a\" width=\"335\" height=\"416\" srcset=\"http:\/\/magniflex.ee\/wp-content\/uploads\/2018\/04\/111111.jpg 335w, http:\/\/magniflex.ee\/wp-content\/uploads\/2018\/04\/111111-242x300.jpg 242w\" sizes=\"(max-width: 335px) 100vw, 335px\" \/><\/a><\/td>\n<td width=\"50%\">1. Comfort-vaht Eliosoft\u00ae - 2 cm (\u00f5mmeldud kaane \u00fchel k\u00fclje sisse - kahepoolne madrats)<\/p>\n<p>2. Hypoallergenic termoreguleeriv kuid Super Soft Fibre<\/p>\n<p>3. Isolatsioonikang TNT (toimib tolmufiltrina ja on kaane aluskihiks)<\/p>\n<p>4. Elioform\u00ae ortopeediline vaht - 16 cm<\/td>\n<\/tr>\n<\/tbody>\n<\/table>\n<p><strong>\u00a0<\/strong><\/p>\n<p>Universaalne madrats Clasico kollektsioonist, mis on populaarne j\u00e4igema mugavuse armastajate seas. Ideaalne ortopeediline efekt kombinatsioonis m\u00f5\u00f5duka anatoomilisusega ja mugava j\u00e4ikusega tagab selgroo \u00f5ige positsiooni ilma liigse surveta.<\/p>\n<p>Elioform\u00ae ortopeediline vaht, monobloki kujul, on toetavaks madratsialuseks ja see annab ortopeedilise toime k\u00f5ikide selgroo osadele. Elioform\u00ae vaht on k\u00f5rge kandev\u00f5imega (kuni 160 kg \u00fche magaja kohta) ja ideaalse \u00f5huvooluga, h\u00f5\u00f5rutab inimkeha niiskust ja osaleb termoregulatsiooni protsessis.<\/p>\n<p>Universaalne vaht Eliosoft\u00ae, tagab m\u00f5\u00f5duka mugavuse ja v\u00e4hendab inimkeha vastusurvet.<\/p>\n<p>Foam Eliosoft\u00ae k\u00f5rgus 2 cm, \u00f5mmeldud otse madratsi kaaneni (\u00fchelt poolt), mis v\u00f5imaldab teil tunda maksimaalset mugavust ja ortopeedilist toe.<\/p>\n<p>Foam Eliosoft\u00ae k\u00f5rgus 2 cm, \u00f5mmeldud otse madratsi kaane sisse (\u00fchelt poolt), mis v\u00f5imaldab teil tunda maksimaalset mugavust ja ortopeedilist toetust.<\/p>\n<p>&nbsp;<\/p>\n<p>Lihtsamini \u00f6eldud \u2013 antud madrats on pigem j\u00e4ik kui pehme, kuid piisavalt mugav. Magamiseks saate kasutada madratsi m\u00f5lemat k\u00fclge - \u00fcks k\u00fclg on j\u00e4igem, teine on pehmem.<\/p>\n<p>Madratsi mugavuss\u00fcsteemi lahutamatuks osaks on Viscoterm Comfort\u00ae valmistatud termoregulatsioonikate. Puitkiud tagavad kangale k\u00f5rgeid kapillaarseid omadusi ja suudavad hoida suurel hulgal \u00f5hku, mis annab igal aastaajal ideaalse mikrokiima magamiseks. Kudede absorbeerivad omadused suudavad inimese kehast niiskust t\u00f5husalt v\u00e4lja imada ja aurustuda ning madalatel temperatuuridel koor akumuleerib soojust ja soojendab meid une ajal.<\/p>\n<p>STILOSO madrats on soovitatav inimestele, kes eelistavad k\u00f5va, kuid mugavat ortopeedilist tuge ilma liigse pehmuseta. S\u00f5ltumata magaja kasvu ja kehakaalust madrats tagab \u00f5igete f\u00fcsioloogilise selgroo asendi, nimmepiirkonna tugi on m\u00f5\u00f5dukas. Antud toe ja k\u00f5va mugavuse tase annab selgroole ja korsetilihastele ideaalse asendi. Sellel madratsil on mugav magada nii k\u00fclili, selili kui ka k\u00f5huli. Madratsit on soovitatav kasutada erineva vanuse, pikkuse ja kaaluga kasutajatel, kuna vahtploki kasutamine muudab selle madratsi universaalseks.<\/p>\n<p>&nbsp;<\/p>\n<p><strong>STILOSO madratsi eelised<\/strong><\/p>\n<ul>\n<li>Madratsi v\u00f5ime pakkuda ortopeedilist ja anatoomilist toetust<\/li>\n<li>Elioform\u00ae vaht, mis tagab mugava ortopeedilise toe selgroole<\/li>\n<li>Comfort vaht tagab m\u00f5\u00f5duka mugavuse<\/li>\n<li>Sobib k\u00f5igile, olenemata kasutaja kaalu ja k\u00f5rgusest<\/li>\n<li>Liimivuuke puudumine (t\u00e4nu monoblokile)<\/li>\n<li>termoreguleeriv kate<\/li>\n<li>Voodil on k\u00f5rge koormustaluvus<\/li>\n<li>Vaakumpakend<\/li>\n<li>ELi ohutussertifikaatide olemasolu<\/li>\n<li>Toodetud Itaalias (Itaalia tootjate register)<\/li>\n<\/ul>\n<p>&nbsp;<\/p>\n<p>Kate eluea pikendamiseks ja kaitseks seda tolmu, mustuse, niiskuse ja lekete eest on soovitatav kasutada katemadratsist hingava membraan \"aqua-stop\" KAMASANA.<\/p>\n<p>T\u00e4nu unikaalsele membraanile, mis on valmistatud vastavalt membraani Gore Tex p\u00f5him\u00f5ttele (membraan struktuur on tehtud nii, et\u00a0 \u00f5hu p\u00e4\u00e4seb sisse vabalt ringlema ja niiskus ei p\u00e4\u00e4se l\u00e4bi ja j\u00e4\u00e4b pinnale tungimata madratsi sisse) mis ei v\u00e4hendada termoreguleerivaid madratsi omadusi, ja ei m\u00f5juta madratsi ortopeedilisel ja anatoomilisel efektil.<\/p>\n<p>Madratsikatte soovitatavad mudelid - ESTEL, ACTIPUR, MEDDAL, SILK<\/p>\n<p>&nbsp;<\/p>\n<p>Ortopeediliste ja anatoomiliste efekti suurendamiseks l\u00fclisamba nimmepiirkonnas on soovitatav kasutada anatoomilisi patju MAGNIFLEX, KAMASANA, mis on sertifitseeritud staatilise antiprolideerimisvahendina, vastavalt meditsiiniseadmete ja -vahendite kasutamisele.<\/p>\n<p><a href=\"http:\/\/magniflex.ee\/wp-content\/uploads\/2018\/04\/garantia.jpg\"><img loading=\"lazy\" class=\"alignnone wp-image-2893 size-full\" src=\"http:\/\/magniflex.ee\/wp-content\/uploads\/2018\/04\/garantia.jpg\" alt=\"garantia\" width=\"976\" height=\"100\" srcset=\"http:\/\/magniflex.ee\/wp-content\/uploads\/2018\/04\/garantia.jpg 976w, http:\/\/magniflex.ee\/wp-content\/uploads\/2018\/04\/garantia-300x31.jpg 300w, http:\/\/magniflex.ee\/wp-content\/uploads\/2018\/04\/garantia-768x79.jpg 768w, http:\/\/magniflex.ee\/wp-content\/uploads\/2018\/04\/garantia-370x38.jpg 370w\" sizes=\"(max-width: 976px) 100vw, 976px\" \/><\/a><\/p>\n[ultimatetables 4 \/]","protected":false},"excerpt":{"rendered":"<p>Mugava une s\u00fcsteem \u2013\u00a0maailma m\u00fc\u00fckide liider<\/p>\n","protected":false},"featured_media":2889,"comment_status":"open","ping_status":"closed","template":"","meta":[],"_links":{"self":[{"href":"http:\/\/magniflex.ee\/ee\/wp-json\/wp\/v2\/product\/2862"}],"collection":[{"href":"http:\/\/magniflex.ee\/ee\/wp-json\/wp\/v2\/product"}],"about":[{"href":"http:\/\/magniflex.ee\/ee\/wp-json\/wp\/v2\/types\/product"}],"replies":[{"embeddable":true,"href":"http:\/\/magniflex.ee\/ee\/wp-json\/wp\/v2\/comments?post=2862"}],"wp:featuredmedia":[{"embeddable":true,"href":"http:\/\/magniflex.ee\/ee\/wp-json\/wp\/v2\/media\/2889"}],"wp:attachment":[{"href":"http:\/\/magniflex.ee\/ee\/wp-json\/wp\/v2\/media?parent=2862"}],"curies":[{"name":"wp","href":"https:\/\/api.w.org\/{rel}","templated":true}]}}