{"id":1919,"date":"2013-09-05T12:25:32","date_gmt":"2013-09-05T12:25:32","guid":{"rendered":"http:\/\/192.168.9.40\/_2014\/_04-April\/woocommerce_upd\/?post_type=product&#038;p=1900"},"modified":"2018-03-27T12:00:58","modified_gmt":"2018-03-27T10:00:58","slug":"magni9","status":"publish","type":"product","link":"https:\/\/magniflex.ee\/ee\/product\/magni9\/","title":{"rendered":"MAGNI 9"},"content":{"rendered":"\u2022 K\u00f5rgtehnoloogiline madrats, klass: Keskmine +, mis omab m\u00f5\u00f5dukat mugavust, tagab l\u00f5lisamba loomuliku asendi k\u00f5ikide f\u00fcsioloogiliste k\u00f5verduste arvestusel (ortopeediline efekt) s\u00f5ltumata inimese kaalust, pikkusest ja vanusest. Madratsite m\u00fc\u00fckide statistika j\u00e4rgi Euroopas - 60% ostjatest valivad sarnase konstruktsiooniga madratseid - mitte pehme ja mitte k\u00f5va, kuid mugav. M\u00f5\u00f5dukas anatoomiline efekt ja k\u00f5rge ortopeediline efekt \u00fchenduses katte termoreguleerivate omadustega teevad selle madratsi ideaalseks mugava une ja puhkamise s\u00fcsteemiks.<\/p>\n<p>\u2022 MAGNI 9 madrats on loodud kaasaegse madratsi ideaalse valemi j\u00e4rgi:<\/p>\n<p>\u2022 termoreguleeriv kate (Viscosa kangas ) mugava mikrokliima loomiseks madratsi pinnal<\/p>\n<p>\u2022 ortopeedilise vahu ELIOFORM\u00ae vedrudeta blokk<\/p>\n<p>\u2022 anatoomiline materjalikiht MEMOFORM\u00ae 2 cm, mis on \u00f5mmeldud madratsi katte sisse - v\u00e4hendab vastur\u00f5hku, tagab optimaalse mugavuse une jaoks<\/p>\n<p>\u2022 ortopeedilise vahu ELIOFORM\u00ae kombinatsioon anatoomilise vahuga MEMOFORM\u00ae tagab ideaalse toetuse l\u00fclisamba f\u00fcsioloogiliste k\u00f5verduste (eriti nimmepiirkonnas) ilma liigse k\u00f5vaduseta<\/p>\n<p>\u2022 Madratsi konstruktsioon - erinevate materjalide kombineerimine + kate \"s\u00fcgava l\u00e4bi\u00f5mblemisega\" annab kerge vetrumise olemasolu efekti.<\/p>\n<p>\u2022 Madratsi serv tumehallist kangast Firenze logodega- madratsi kasutamiseks restil ja voodiraamidel \u2013 madalam m\u00f5ju m\u00e4\u00e4rdumise ja h\u00f5\u00f5rumise toimele.<\/p>\n[ultimatetables 5 \/]","protected":false},"excerpt":{"rendered":"<p>Mugava une s\u00fcsteem<\/p>\n","protected":false},"featured_media":2244,"comment_status":"closed","ping_status":"closed","template":"","meta":[],"_links":{"self":[{"href":"https:\/\/magniflex.ee\/ee\/wp-json\/wp\/v2\/product\/1919"}],"collection":[{"href":"https:\/\/magniflex.ee\/ee\/wp-json\/wp\/v2\/product"}],"about":[{"href":"https:\/\/magniflex.ee\/ee\/wp-json\/wp\/v2\/types\/product"}],"replies":[{"embeddable":true,"href":"https:\/\/magniflex.ee\/ee\/wp-json\/wp\/v2\/comments?post=1919"}],"wp:featuredmedia":[{"embeddable":true,"href":"https:\/\/magniflex.ee\/ee\/wp-json\/wp\/v2\/media\/2244"}],"wp:attachment":[{"href":"https:\/\/magniflex.ee\/ee\/wp-json\/wp\/v2\/media?parent=1919"}],"curies":[{"name":"wp","href":"https:\/\/api.w.org\/{rel}","templated":true}]}}