{"id":1922,"date":"2013-09-05T12:30:51","date_gmt":"2013-09-05T12:30:51","guid":{"rendered":"http:\/\/192.168.9.40\/_2014\/_04-April\/woocommerce_upd\/product\/product-4\/"},"modified":"2018-03-27T11:47:28","modified_gmt":"2018-03-27T09:47:28","slug":"armonia-dual","status":"publish","type":"product","link":"https:\/\/magniflex.ee\/ee\/product\/armonia-dual\/","title":{"rendered":"ARMONIA DUAL"},"content":{"rendered":"Premium klassi Mugava une s\u00fcsteem, millel on mugavuse 6 taset (k\u00f5va, m\u00f5\u00f5dukas, ideaalne), tagab tarbijale v\u00f5imaluse iseseisvalt modeleerida mugavuse optimaalset taset. K\u00f5rged anatoomilised ning ortopeedilised efektid, \u00fchenduses katte termoreguleerivate omadustega teevad selle madratsi ideaalseks mugava une ja puhkamise s\u00fcsteemiks.<\/p>\n<p>Ideaalselt arvutatud 4 kihi kombinatsioon: ergonoomika, elastsus, mugav toetus ja anatoomiline painduvus tagavad tarbijale mugavuse ideaalseid parameetreid ja k\u00f5rgeid kasutamisomadusi, samuti ka mugavuse individuaalse valiku.<\/p>\n<p>&nbsp;<\/p>\n<p>Madratsi k\u00f5rgus - 35 cm<\/p>\n<p>Kate vahetav: Termoreguleeriv\u00a0 Viscose termo\u00ae kangas<\/p>\n<ol>\n<li>Termoreguleeriv\u00a0 Super Soft fiiber<\/li>\n<li>Anatoomiline vaht MEMOFORM\u00ae 2 cm (\u00f5mmeldud katte sisse)<\/li>\n<li>H\u00fcpoallergeenne termoreguleeriv t\u00e4iteaine<\/li>\n<li>Isoleeriv TNT filtreerimiskangas<\/li>\n<li>Anatoomiline vaht \u00abwave\u00bb MEMOFORM\u00ae 6 cm<\/li>\n<li>Ortopeediline vaht ELIOFORM\u00ae 11 cm<\/li>\n<li>Ortopeediline vaht ELIOFORM\u00ae 11 cm Kaalu koormus: kuni 180 kg \u00fche magamiskoha kohta<\/li>\n<\/ol>\n<p>Armonia Memoform Dual\u00ae madrats on loodud mugava une jaoks ja tagab maksimaalsed ortopeedilised ja anatoomilised efektid. T\u00e4nu \u00fches madratsis mugavuse kuue taseme olemasolule, sobib Armonia madrats k\u00f5ikidele ostjatele, olenemata nende mugavuse eelistustest (pehme, k\u00f5va, m\u00f5\u00f5dukas, kombineeritud). katte valmistamisel kasutakse unikaalset l\u00e4bi\u00f5mblemise tehnoloogiat - Pizzato\u00ae. \u00dchendades termoreguleeriva katte anatoomilise mugavuse ortopeedilise toetusega, mis tagab madratsi sisemine blokk, teeb mudeli Armonia Memoform Dual\u00ae ideaalseks mugava ja terve une s\u00fcsteemiks.<\/p>\n<p>Madratsi sees on 2 \u00fcksikmagamisbloki - t\u00e4nu katte konstruktsioonile, blokkide \u00fchenduse tunne puudub.<\/p>\n[ultimatetables 11 \/]","protected":false},"excerpt":{"rendered":"<p>6 mugavuse taset M\u00fc\u00fckide liider Premium collection<\/p>\n","protected":false},"featured_media":2248,"comment_status":"closed","ping_status":"closed","template":"","meta":[],"_links":{"self":[{"href":"https:\/\/magniflex.ee\/ee\/wp-json\/wp\/v2\/product\/1922"}],"collection":[{"href":"https:\/\/magniflex.ee\/ee\/wp-json\/wp\/v2\/product"}],"about":[{"href":"https:\/\/magniflex.ee\/ee\/wp-json\/wp\/v2\/types\/product"}],"replies":[{"embeddable":true,"href":"https:\/\/magniflex.ee\/ee\/wp-json\/wp\/v2\/comments?post=1922"}],"wp:featuredmedia":[{"embeddable":true,"href":"https:\/\/magniflex.ee\/ee\/wp-json\/wp\/v2\/media\/2248"}],"wp:attachment":[{"href":"https:\/\/magniflex.ee\/ee\/wp-json\/wp\/v2\/media?parent=1922"}],"curies":[{"name":"wp","href":"https:\/\/api.w.org\/{rel}","templated":true}]}}