{"id":1923,"date":"2013-09-05T12:32:02","date_gmt":"2013-09-05T12:32:02","guid":{"rendered":"http:\/\/192.168.9.40\/_2014\/_04-April\/woocommerce_upd\/product\/product-5\/"},"modified":"2018-03-27T11:33:07","modified_gmt":"2018-03-27T09:33:07","slug":"comfort-dual-12","status":"publish","type":"product","link":"https:\/\/magniflex.ee\/ee\/product\/comfort-dual-12\/","title":{"rendered":"COMFORT DUAL 12"},"content":{"rendered":"K\u00f5rgtehnoloogiline madrats Premium klassi, millel on mugavuse 3 taset (k\u00f5va, m\u00f5\u00f5dukas, ideaalne), tagab tarbijale v\u00f5imaluse iseseisvalt modeleerida mugavuse optimaalset taset. K\u00f5rged anatoomilised ning ortopeedilised efektid, \u00fchenduses katte termoreguleerivate omadustega teevad selle madratsi ideaalseks mugava une ja puhkamise s\u00fcsteemiks.<\/p>\n<p>Madrats COMFORT DUAL 12 on loodud kaasaegse madratsi ideaalse valemi j\u00e4rgi:<\/p>\n<p>\u2022 termoreguleeriv kate (kangas Outlast) optimaalse mikrokliima loomiseks madratsi pinnal<br \/>\n\u2022 vedrudeta blokk\u2022 anatoomiline maksimaalselt mugav MEMOFORM\u00ae materjali kiht vedrudeta ploki peal paksusega 3cm + MEMOFORM\u00ae 2 cm, mis on sisse \u00f5mmeldud madratsi katesse.<br \/>\n\u2022 Elioform 3 cm ja Eliosoft 21cm vahud ortopeedilise efektiga madratsi bloki keskosas tagavad l\u00fclisamba f\u00fcsioloogiliste k\u00f5verduste m\u00f5\u00f5duka ja ideaalse toetuse (eriti nimmepiirkonnas).<br \/>\n\u2022 Madratsi konstruktsioon - erinevate materjalide kombineerimine + kate \"s\u00fcgava<br \/>\nl\u00e4bi\u00f5mblemisega\" annab kerge vetrumise olemasolu efekti.<\/p>\n<p>Madratsi k\u00f5rgus - 30 cm.<\/p>\n<p>kate vahetav: termoreguleeriv kangas OUTLAST\u00ae<\/p>\n<ol>\n<li>Anatoomiline vaht Memoform\u00ae - 2 cm (\u00f5mmeldud katte sisse)<\/li>\n<li>Anatoomiline vaht Memoform\u00ae - 3 cm<\/li>\n<li>Ortopeediline vaht ELIOFORM\u00ae 11 cm <sub>Pehme pealispind<\/sub><\/li>\n<li>Ortopeediline vaht ELIOFORM\u00ae 11 cm<\/li>\n<\/ol>\n<p>Kaalu koormus: kuni 160 kg \u00fche magamiskoha kohta<\/p>\n<p>Pehme pealispind K\u00f5va pealispind<\/p>\n<p>Madrats kahepoolne mugavuse 3 tasemega, \u00fcks k\u00fclg tagab ideaalse mugavuse, teine k\u00fclg tagab k\u00f5vada mugavuse, erinevad vahetatava katte kombinatsioonid, \u00fchelt madratsi poolelt v\u00f5imaldab tagada m\u00f5\u00f5dukat mugavust..<\/p>\n[ultimatetables 9 \/]","protected":false},"excerpt":{"rendered":"<p>Individuaalne mugavus<\/p>\n","protected":false},"featured_media":2247,"comment_status":"closed","ping_status":"closed","template":"","meta":[],"_links":{"self":[{"href":"https:\/\/magniflex.ee\/ee\/wp-json\/wp\/v2\/product\/1923"}],"collection":[{"href":"https:\/\/magniflex.ee\/ee\/wp-json\/wp\/v2\/product"}],"about":[{"href":"https:\/\/magniflex.ee\/ee\/wp-json\/wp\/v2\/types\/product"}],"replies":[{"embeddable":true,"href":"https:\/\/magniflex.ee\/ee\/wp-json\/wp\/v2\/comments?post=1923"}],"wp:featuredmedia":[{"embeddable":true,"href":"https:\/\/magniflex.ee\/ee\/wp-json\/wp\/v2\/media\/2247"}],"wp:attachment":[{"href":"https:\/\/magniflex.ee\/ee\/wp-json\/wp\/v2\/media?parent=1923"}],"curies":[{"name":"wp","href":"https:\/\/api.w.org\/{rel}","templated":true}]}}