{"id":1934,"date":"2013-09-05T12:36:23","date_gmt":"2013-09-05T12:36:23","guid":{"rendered":"http:\/\/192.168.9.40\/_2014\/_04-April\/woocommerce_upd\/product\/product-9\/"},"modified":"2018-03-27T11:17:54","modified_gmt":"2018-03-27T09:17:54","slug":"naturcomfort","status":"publish","type":"product","link":"https:\/\/magniflex.ee\/ee\/product\/naturcomfort\/","title":{"rendered":"NATURCOMFORT"},"content":{"rendered":"Unikaalne madrats, mis on loodud kaasaegse valemi \"Mugava une s\u00fcsteem\" j\u00e4rgi - k\u00f5va ortopeediline vaht Eliosoft\u00ae tagab l\u00fclisamba \u00f5ige asendi+ anatoomiline vahukiht Memoform\u00ae, mis v\u00e4hendab oluliselt vastur\u00f5hku ja ideaalselt j\u00e4rgib meie keha f\u00fcsioloogilisi k\u00f5verdusi.<\/p>\n<p>Eliosoft\u00ae materjali poorsel materjali struktuuril on k\u00f5rge \u00f5hu l\u00e4bilaskega ja v\u00f5imega hajutada inimkeha niiskust. Vaht Eliosoft\u00ae koosneb lateksist ja pol\u00fcuretaanist, mis on vulkaniseeritud veega, ja kahest pol\u00fcestri liigist, millest \u00fcks tagab mugava k\u00f5vaduse ning teine suurendab anatoomilist efekti.<\/p>\n<p>On soovitatud k\u00f5ikidele, kes armastavad k\u00f5va ortopeedilist efekti koos ideaalse mugavusega tundlikul anatoomilisel toetusel.<\/p>\n<p>Madratsi k\u00f5rgus - 21 cm<\/p>\n<p>Kate: termoreguleeriv kangas Lenpur\u00ae<\/p>\n<ol>\n<li>Anatoomiline vaht Memoform\u00ae 2 cm ( m\u00f5lemalt poolt katte sisse \u00f5mmeldud)<\/li>\n<li>H\u00fcpoallergeenne termoreguleeriv t\u00e4iteaine<\/li>\n<li>Isoleeriv TNT filtreerimiskangas<\/li>\n<li>Ortopeediline vaht anatoomilise efektiga Eliosoft\u00ae - 17 cm<\/li>\n<\/ol>\n<p>Erisus: 3 ortopeedilise tugiala<\/p>\n<p>Termoreguleeriv kangas Lenpur\u00ae - see on patenteeritud tselluloosmaterjal puidukiudude lisamisega. K\u00f5rged kanga kapillaarsed ja \u00f5hul\u00e4bilaskvad\u00a0 omadused v\u00f5imaldavad t\u00f5husalt neelata ja aurustada niiskust inimkehalt, seega luues mugava mikrokliima madratsi pinnale. Madalatel temperatuuridel kangas kogub soojust ja soojendab meid une ajal -\u00a0 \"termopesu efekt\".<\/p>\n[ultimatetables 4 \/]","protected":false},"excerpt":{"rendered":"<p>Mugava une s\u00fcsteem \u2013\u00a0maailma m\u00fc\u00fckide liider<\/p>\n","protected":false},"featured_media":2243,"comment_status":"closed","ping_status":"closed","template":"","meta":[],"_links":{"self":[{"href":"https:\/\/magniflex.ee\/ee\/wp-json\/wp\/v2\/product\/1934"}],"collection":[{"href":"https:\/\/magniflex.ee\/ee\/wp-json\/wp\/v2\/product"}],"about":[{"href":"https:\/\/magniflex.ee\/ee\/wp-json\/wp\/v2\/types\/product"}],"replies":[{"embeddable":true,"href":"https:\/\/magniflex.ee\/ee\/wp-json\/wp\/v2\/comments?post=1934"}],"wp:featuredmedia":[{"embeddable":true,"href":"https:\/\/magniflex.ee\/ee\/wp-json\/wp\/v2\/media\/2243"}],"wp:attachment":[{"href":"https:\/\/magniflex.ee\/ee\/wp-json\/wp\/v2\/media?parent=1934"}],"curies":[{"name":"wp","href":"https:\/\/api.w.org\/{rel}","templated":true}]}}