{"id":1938,"date":"2013-09-05T12:37:11","date_gmt":"2013-09-05T12:37:11","guid":{"rendered":"http:\/\/192.168.9.40\/_2014\/_04-April\/woocommerce_upd\/product\/product-10\/"},"modified":"2018-03-28T15:29:36","modified_gmt":"2018-03-28T13:29:36","slug":"magnistretch10","status":"publish","type":"product","link":"https:\/\/magniflex.ee\/ee\/product\/magnistretch10\/","title":{"rendered":"MAGNISTRETCH 10"},"content":{"rendered":"Uus s\u00fcsteem\u00a0 Stretch t\u00e4nu madratsblokile, mis koosneb sektsioonidest kaldenurga all, teostab l\u00f5\u00f5gastava tegevuse madratsi m\u00f5lemal poolel- \u00f5rnalt \"venitades\" selga loomulikul viisil ja v\u00e4hendades survet kehale, s\u00f5ltumata mis asendi te olete unes v\u00f5tnud.<\/p>\n<p>Ilma j\u00f5upingutusteta, korralikult ja loomulikul viisil madrats MagniStretch aitab leevendada ja k\u00f5rvaldada seljavalu, mida on p\u00f5hjustatud lihaste survest: selle l\u00f5\u00f5gastavat toime suurendab ruumala l\u00fclisambal\u00fclide vahel, soodustades keha t\u00e4ielikku venitamist ja kaalu \u00fchtlast jaotumist.<\/p>\n<p>Madratsi k\u00f5rgus - 25 cm<\/p>\n<p>kate vahetav: termoreguleeriv kangas OUTLAST\u00ae<\/p>\n<ol>\n<li>Anatoomiline vaht Memoform\u00ae - 2 cm (\u00f5mmeldud katte sisse)<\/li>\n<li>Strech vaht ELIOSOFT\u00ae - 5 cm<\/li>\n<li>Strech vaht ELIOFORM\u00ae - 8,5 cm<\/li>\n<li>Ortopeediline vaht ELIOFORM\u00ae 11 cm Kaalu koormus: kuni 160 kg \u00fche magamiskoha kohta<\/li>\n<\/ol>\n<p>Erip\u00e4ra: Madratsi pikaajaline kasutamine m\u00f5jub tervendavalt l\u00fclisamba nimme-, rindkere- ja\u00a0 kaelaosale, k\u00f5rvaldades valu, v\u00e4ltides edasist s\u00fcvenemist, mis on provotseeritud keha ja l\u00fclisamba valest asendist une ajal.<\/p>\n[ultimatetables 7 \/]","protected":false},"excerpt":{"rendered":"<p>V\u00f5itja nominatsioonis \u00abKvaliteet ja innovatsioonid\", kui mugava une s\u00fcsteem, mis v\u00f5itleb valudega l\u00fclisambas, mis on p\u00f5hjustatud osteokondroosiga.<\/p>\n","protected":false},"featured_media":2246,"comment_status":"closed","ping_status":"closed","template":"","meta":[],"_links":{"self":[{"href":"https:\/\/magniflex.ee\/ee\/wp-json\/wp\/v2\/product\/1938"}],"collection":[{"href":"https:\/\/magniflex.ee\/ee\/wp-json\/wp\/v2\/product"}],"about":[{"href":"https:\/\/magniflex.ee\/ee\/wp-json\/wp\/v2\/types\/product"}],"replies":[{"embeddable":true,"href":"https:\/\/magniflex.ee\/ee\/wp-json\/wp\/v2\/comments?post=1938"}],"wp:featuredmedia":[{"embeddable":true,"href":"https:\/\/magniflex.ee\/ee\/wp-json\/wp\/v2\/media\/2246"}],"wp:attachment":[{"href":"https:\/\/magniflex.ee\/ee\/wp-json\/wp\/v2\/media?parent=1938"}],"curies":[{"name":"wp","href":"https:\/\/api.w.org\/{rel}","templated":true}]}}