{"id":1946,"date":"2013-09-05T12:38:51","date_gmt":"2013-09-05T12:38:51","guid":{"rendered":"http:\/\/192.168.9.40\/_2014\/_04-April\/woocommerce_upd\/product\/product-12\/"},"modified":"2018-03-27T10:26:10","modified_gmt":"2018-03-27T08:26:10","slug":"memorex-rest","status":"publish","type":"product","link":"https:\/\/magniflex.ee\/ee\/product\/memorex-rest\/","title":{"rendered":"MEMOREX REST"},"content":{"rendered":"<ul>\n<li>Anatoomiline vaht Memorex tagab l\u00fclisamba mugava ortopeedilise toetuse ilma liigseta surveta - v\u00e4ga oluline n\u00e4itaja l\u00fclisamba nimmepiirkonna jaoks.<\/li>\n<li>Tagab l\u00fclisamba \u00f5ige asendi, s\u00f5ltumata inimese kehakaalust ja kasvust.<\/li>\n<li>Ortopeediline efekt koos ideaalse mugavusega.<\/li>\n<li>K\u00f5rged kasutusomadused tagavad suure kaalu koormuse magamiskohale.<\/li>\n<li>Aitab kaasa kehahoiaku kujundamisele ja luustiku ning lihastiku korrektsioonile.<\/li>\n<li>Ortopeediline vaht Eliocell\u00ae - \u00f5hku l\u00e4bilaskva mikropoorse struktuuriga<\/li>\n<\/ul>\n<p>Madratsi k\u00f5rgus - 17 cm<\/p>\n<p>Kaalu koormus magamiskohale - kuni 120 kg\u00a0 <strong>Koostis<\/strong><\/p>\n<ol>\n<li>H\u00fcpoallergeenne termoreguleeriv membraan<\/li>\n<li>K\u00e4snjas anatoomiline vaht Memorex\u00ae (\u00f5mmeldud katte sisse) - ideaalse mugavuse loomiseks ja vastur\u00f5hu mahav\u00f5tmiseks<\/li>\n<li>Isolatsioonkangas TNT - t\u00e4iendav isolatsioon ja bloki kaitse tolmu eest.<\/li>\n<li>Eliocell\u00ae ortopeedilise vahu monoblokk -\u00f5hku l\u00e4bilaskev vaht mikropoorse struktuuriga, millel on plastilised ja elastsed omadused. Vaht Eliocell\u00ae vastupidav deformatsioonile ja sissevajumisele. Tagab l\u00fclisamba ideaalset ortopeedilist toetust magamise ja puhkamise ajal.<\/li>\n<\/ol>\n<p>Madrats tagab maksimaalselt t\u00e4pselt \u00f5ige f\u00fcsioloogilise (S-kujulise) l\u00fclisamba asendi selle loomulike k\u00f5verduste arvestusel, samuti osutab toe optimaalset taset - eriti nimmepiirkonnas. Lastele ja noorukitele loomulike k\u00f5verduste j\u00e4rgimine soodustab \u00f5ige kehahoiaku kujunemist ja luustiku ning lihastiku arengut.<\/p>\n<ol start=\"5\">\n<li>Ortopeedilisel vahul Eliocell\u00ae on k\u00f5rge vastupidavus deformatsiooni ja sissevajumise vastu, mis v\u00f5imaldab maksimaalselt t\u00e4pselt tagada ortopeedilist efekti l\u00fclisambale, s\u00f5ltumata inimese kehakaalust ja kasvust.<\/li>\n<\/ol>\n[ultimatetables 2 \/]","protected":false},"excerpt":{"rendered":"<p>Vedrudeta 2-poolne madrats, mis tagab l\u00fclisamba\u00a0mugava ortopeedilise toetuse<\/p>\n","protected":false},"featured_media":2242,"comment_status":"closed","ping_status":"closed","template":"","meta":[],"_links":{"self":[{"href":"https:\/\/magniflex.ee\/ee\/wp-json\/wp\/v2\/product\/1946"}],"collection":[{"href":"https:\/\/magniflex.ee\/ee\/wp-json\/wp\/v2\/product"}],"about":[{"href":"https:\/\/magniflex.ee\/ee\/wp-json\/wp\/v2\/types\/product"}],"replies":[{"embeddable":true,"href":"https:\/\/magniflex.ee\/ee\/wp-json\/wp\/v2\/comments?post=1946"}],"wp:featuredmedia":[{"embeddable":true,"href":"https:\/\/magniflex.ee\/ee\/wp-json\/wp\/v2\/media\/2242"}],"wp:attachment":[{"href":"https:\/\/magniflex.ee\/ee\/wp-json\/wp\/v2\/media?parent=1946"}],"curies":[{"name":"wp","href":"https:\/\/api.w.org\/{rel}","templated":true}]}}