{"id":2263,"date":"2016-12-07T17:13:10","date_gmt":"2016-12-07T17:13:10","guid":{"rendered":"http:\/\/magniflex.lt\/?post_type=product&#038;p=2263"},"modified":"2018-04-03T16:41:27","modified_gmt":"2018-04-03T14:41:27","slug":"kamasana-viscoelastic-150","status":"publish","type":"product","link":"https:\/\/magniflex.ee\/ee\/product\/kamasana-viscoelastic-150\/","title":{"rendered":"KAMASANA Viscoelastic 150"},"content":{"rendered":"\u201ePerekonna\" padi on m\u00f5nus kasutamises kui t\u00e4iendav padi kahekohalise voodi jaoks, samuti kasutamiseks diivanitel istutamise s\u00fcgavuse v\u00e4hendamiseks.<\/p>\n<p><strong>Hind: 160\u00a0EUR<\/strong>","protected":false},"excerpt":{"rendered":"<p>Suurus: 70*40*h11<\/p>\n<p>T\u00e4iteaine: Viskoelastic PU<\/p>\n<p>Kate: termoreguleeriv kangas\u00a0BIO<\/p>\n<p>Kasutusaeg: 8 aastat<\/p>\n","protected":false},"featured_media":2250,"comment_status":"closed","ping_status":"closed","template":"","meta":[],"_links":{"self":[{"href":"https:\/\/magniflex.ee\/ee\/wp-json\/wp\/v2\/product\/2263"}],"collection":[{"href":"https:\/\/magniflex.ee\/ee\/wp-json\/wp\/v2\/product"}],"about":[{"href":"https:\/\/magniflex.ee\/ee\/wp-json\/wp\/v2\/types\/product"}],"replies":[{"embeddable":true,"href":"https:\/\/magniflex.ee\/ee\/wp-json\/wp\/v2\/comments?post=2263"}],"wp:featuredmedia":[{"embeddable":true,"href":"https:\/\/magniflex.ee\/ee\/wp-json\/wp\/v2\/media\/2250"}],"wp:attachment":[{"href":"https:\/\/magniflex.ee\/ee\/wp-json\/wp\/v2\/media?parent=2263"}],"curies":[{"name":"wp","href":"https:\/\/api.w.org\/{rel}","templated":true}]}}