{"id":2264,"date":"2016-12-07T17:25:36","date_gmt":"2016-12-07T17:25:36","guid":{"rendered":"http:\/\/magniflex.lt\/?post_type=product&#038;p=2264"},"modified":"2018-03-27T12:22:48","modified_gmt":"2018-03-27T10:22:48","slug":"freshco-3d-pu","status":"publish","type":"product","link":"https:\/\/magniflex.ee\/ee\/product\/freshco-3d-pu\/","title":{"rendered":"FRESHCO 3D PU"},"content":{"rendered":"Niiskuskindel kaitsev madratsikate \u00f5hukambritega 3D+ membraan \"Aquastop\".<br \/>\nMaterjalide \u00fchendus (puuvill + pol\u00fcester), mida kasutatakse \u00f5hukambridts, tagab suurep\u00e4rase voolu ja \u00f5hu jaotuse, mis tagab mugava temperatuurire\u017eiimi une jaoks.<\/p>\n<p>Omades k\u00f5rgety kapillaarsust, \u00f5hukambrid kiiresti imendavad ja aurustuvad niiskust inimkehalt. \u00d5hukambrite \u00fclemine kiht orgaanilisest puuvillast AIGIS pinna t\u00f6\u00f6tlemisega (aktiivne v\u00e4rskus, kaitse bakterite ja l\u00f5hna eest). Madratsikate ei kuumene ja ei tekita m\u00fcra.<\/p>\n<p>Koostis: madratsikatte pealmine pool - 40% orgaaniline puuvill aktiivse v\u00e4rskusega AIGIS + 60% pol\u00fcester (\u00f5hukambrid).<\/p>\n<p>Madratsikatte alumine osa - pol\u00fcester<\/p>\n[ultimatetables 26 \/]","protected":false},"excerpt":{"rendered":"<p>Niiskuskindel kaitsev madratsikate \u00f5hukambritega 3D+ membraan \"Aquastop\".<\/p>\n","protected":false},"featured_media":2259,"comment_status":"closed","ping_status":"closed","template":"","meta":[],"_links":{"self":[{"href":"https:\/\/magniflex.ee\/ee\/wp-json\/wp\/v2\/product\/2264"}],"collection":[{"href":"https:\/\/magniflex.ee\/ee\/wp-json\/wp\/v2\/product"}],"about":[{"href":"https:\/\/magniflex.ee\/ee\/wp-json\/wp\/v2\/types\/product"}],"replies":[{"embeddable":true,"href":"https:\/\/magniflex.ee\/ee\/wp-json\/wp\/v2\/comments?post=2264"}],"wp:featuredmedia":[{"embeddable":true,"href":"https:\/\/magniflex.ee\/ee\/wp-json\/wp\/v2\/media\/2259"}],"wp:attachment":[{"href":"https:\/\/magniflex.ee\/ee\/wp-json\/wp\/v2\/media?parent=2264"}],"curies":[{"name":"wp","href":"https:\/\/api.w.org\/{rel}","templated":true}]}}