{"id":2371,"date":"2017-09-26T13:14:09","date_gmt":"2017-09-26T13:14:09","guid":{"rendered":"http:\/\/lvmagniflex.oxygen-studio.com.ua\/?post_type=product&#038;p=2371"},"modified":"2018-03-26T15:29:42","modified_gmt":"2018-03-26T13:29:42","slug":"leonardo-dual-11","status":"publish","type":"product","link":"https:\/\/magniflex.ee\/ee\/product\/leonardo-dual-11\/","title":{"rendered":"LEONARDO DUAL 11"},"content":{"rendered":"<strong>LEONARDO DUAL 11<\/strong>\u00a0Madrats komfordi individuaalse modelleerimise v\u00f5imalusega iga\u00fchele \u2013 sisemine plokk seisneb kahest \u00fcksteisest s\u00f5ltumatust plokist.<\/p>\n<p>OUTLAST-tehnoloogia kasutamine aitab luua teie magamiskohas optimaalset mikrokliimat.<\/p>\n<p>Madrats tagab maksimaalse anatoomilise ja ortopeedilise efekti -\u00a0 selgroog ja lihaste korsett on l\u00f5dvestunud ja looduslikus f\u00fcsioloogilises asendis.<\/p>\n<p>Malva ekstraktiga vaht tagab selgroo pehme ja mugava toe. Malval on p\u00f5letikuvastane, rahustav ja l\u00f5\u00f5gastav toime, mis teeb sellest materjalist n\u00e4rvis\u00fcsteemi komfordi allika.<\/p>\n[ultimatetables 16 \/]","protected":false},"excerpt":{"rendered":"<p>LEONARDO DUAL 11\u00a0Madrats komfordi individuaalse modelleerimise v\u00f5imalusega iga\u00fchele \u2013 sisemine plokk seisneb kahest \u00fcksteisest s\u00f5ltumatust plokist. OUTLAST-tehnoloogia kasutamine aitab luua teie magamiskohas optimaalset mikrokliimat. Madrats tagab maksimaalse anatoomilise ja ortopeedilise efekti -\u00a0 selgroog ja lihaste korsett on l\u00f5dvestunud ja looduslikus f\u00fcsioloogilises asendis. Malva ekstraktiga vaht tagab selgroo pehme ja mugava toe. Malval on p\u00f5letikuvastane, rahustav ja l\u00f5\u00f5gastav toime, mis teeb&nbsp;<a href=\"https:\/\/magniflex.ee\/ee\/product\/leonardo-dual-11\/\" class=\"read-more\">Continue Reading<\/a><\/p>\n","protected":false},"featured_media":2372,"comment_status":"closed","ping_status":"closed","template":"","meta":[],"_links":{"self":[{"href":"https:\/\/magniflex.ee\/ee\/wp-json\/wp\/v2\/product\/2371"}],"collection":[{"href":"https:\/\/magniflex.ee\/ee\/wp-json\/wp\/v2\/product"}],"about":[{"href":"https:\/\/magniflex.ee\/ee\/wp-json\/wp\/v2\/types\/product"}],"replies":[{"embeddable":true,"href":"https:\/\/magniflex.ee\/ee\/wp-json\/wp\/v2\/comments?post=2371"}],"wp:featuredmedia":[{"embeddable":true,"href":"https:\/\/magniflex.ee\/ee\/wp-json\/wp\/v2\/media\/2372"}],"wp:attachment":[{"href":"https:\/\/magniflex.ee\/ee\/wp-json\/wp\/v2\/media?parent=2371"}],"curies":[{"name":"wp","href":"https:\/\/api.w.org\/{rel}","templated":true}]}}