{"id":2373,"date":"2017-09-26T13:40:03","date_gmt":"2017-09-26T13:40:03","guid":{"rendered":"http:\/\/lvmagniflex.oxygen-studio.com.ua\/?post_type=product&#038;p=2373"},"modified":"2018-03-26T15:11:18","modified_gmt":"2018-03-26T13:11:18","slug":"latvian-comfort-9","status":"publish","type":"product","link":"https:\/\/magniflex.ee\/ee\/product\/latvian-comfort-9\/","title":{"rendered":"COMFORT 9"},"content":{"rendered":"<strong>COMFORT 9<\/strong>- Komfortne kahepoolne madrats - DUOFORMi mudeli t\u00e4iustatud modifikatsioon. Anatoomilise Memoformi vahtmaterjali \u00fclemine kiht tagab ideaalse anatoomilise efekti ja selgroo nimmeosa mugava toe, samal ajal ortopeedilisest Elioformi vahtmaterjalist kandeplokk tagab teie selgroole maksimaalse ortopeedilise efekti.<\/p>\n<p>Madrats neile, kes armastavad komforti ilma \u00fclem\u00e4\u00e4ra pehmuseta.<\/p>\n<p>Madratsi teine pool on \u00fcsna tihe ja tagab keskmise komfordi taseme j\u00e4igema selgroo toega.<\/p>\n<p>Soojust juhtiv kate on valmistatud viskoosist ja pol\u00fcestrist, mis tagab meeldiva puudutuse.<\/p>\n<p>Nende kahe materjali kombinatsioon loob madratsi pinnale t\u00f5husa soojusregulatsiooni.<\/p>\n<p>Selle mudeli k\u00f5ikide omaduste kombinatsioon loob teie jaoks praktilise komfortse magamise ja puhkamise s\u00fcsteemi.<\/p>\n[ultimatetables 18 \/]","protected":false},"excerpt":{"rendered":"<p>COMFORT 9- Komfortne kahepoolne madrats - DUOFORMi mudeli t\u00e4iustatud modifikatsioon. Anatoomilise Memoformi vahtmaterjali \u00fclemine kiht tagab ideaalse anatoomilise efekti ja selgroo nimmeosa mugava toe, samal ajal ortopeedilisest Elioformi vahtmaterjalist kandeplokk tagab teie selgroole maksimaalse ortopeedilise efekti. Madrats neile, kes armastavad komforti ilma \u00fclem\u00e4\u00e4ra pehmuseta. Madratsi teine pool on \u00fcsna tihe ja tagab keskmise komfordi taseme j\u00e4igema selgroo toega. Soojust juhtiv&nbsp;<a href=\"https:\/\/magniflex.ee\/ee\/product\/latvian-comfort-9\/\" class=\"read-more\">Continue Reading<\/a><\/p>\n","protected":false},"featured_media":2374,"comment_status":"closed","ping_status":"closed","template":"","meta":[],"_links":{"self":[{"href":"https:\/\/magniflex.ee\/ee\/wp-json\/wp\/v2\/product\/2373"}],"collection":[{"href":"https:\/\/magniflex.ee\/ee\/wp-json\/wp\/v2\/product"}],"about":[{"href":"https:\/\/magniflex.ee\/ee\/wp-json\/wp\/v2\/types\/product"}],"replies":[{"embeddable":true,"href":"https:\/\/magniflex.ee\/ee\/wp-json\/wp\/v2\/comments?post=2373"}],"wp:featuredmedia":[{"embeddable":true,"href":"https:\/\/magniflex.ee\/ee\/wp-json\/wp\/v2\/media\/2374"}],"wp:attachment":[{"href":"https:\/\/magniflex.ee\/ee\/wp-json\/wp\/v2\/media?parent=2373"}],"curies":[{"name":"wp","href":"https:\/\/api.w.org\/{rel}","templated":true}]}}