{"id":2375,"date":"2017-09-26T13:49:33","date_gmt":"2017-09-26T13:49:33","guid":{"rendered":"http:\/\/lvmagniflex.oxygen-studio.com.ua\/?post_type=product&#038;p=2375"},"modified":"2018-03-26T13:52:29","modified_gmt":"2018-03-26T11:52:29","slug":"riposo-3d-air","status":"publish","type":"product","link":"https:\/\/magniflex.ee\/ee\/product\/riposo-3d-air\/","title":{"rendered":"RIPOSO 3D AIR"},"content":{"rendered":"<strong>RIPOSO 3D AIR<\/strong> Kahepoolne madrats kahe komfordi tasemega. Anatoomilise Memoformi vahtmaterjali kahesentimeetrine kiht ja Eliosofti vahtmaterjali \u00fchesentimeetrine kiht loovad m\u00f5\u00f5duka tasemega komfordi, samal ajal kui Elioformi vahtmaterjalist p\u00f5hiplokk tagab suurep\u00e4rase ortopeedilise toe. Selgroo asend on \u00f5ige, v\u00f5ttes arvesse k\u00f5iki f\u00fcsioloogilisi k\u00f5verusi, kuid seejuures ei ole liigset survet madratsi poolt.<\/p>\n<p>Madratsi perimeetri \u00fcmber olev 3D-lint maksimeerib \u00f5huvoolu ja ventilatsiooni.<\/p>\n<p>Madrats sobib ideaalselt inimestele, kes eelistavad m\u00f5\u00f5dukalt tugevat selgroo tuge ja meeldivat mugavustunnet ilma liigse pehmuseta.<\/p>\n[ultimatetables 20 \/]","protected":false},"excerpt":{"rendered":"<p>RIPOSO 3D AIR Kahepoolne madrats kahe komfordi tasemega. Anatoomilise Memoformi vahtmaterjali kahesentimeetrine kiht ja Eliosofti vahtmaterjali \u00fchesentimeetrine kiht loovad m\u00f5\u00f5duka tasemega komfordi, samal ajal kui Elioformi vahtmaterjalist p\u00f5hiplokk tagab suurep\u00e4rase ortopeedilise toe. Selgroo asend on \u00f5ige, v\u00f5ttes arvesse k\u00f5iki f\u00fcsioloogilisi k\u00f5verusi, kuid seejuures ei ole liigset survet madratsi poolt. Madratsi perimeetri \u00fcmber olev 3D-lint maksimeerib \u00f5huvoolu ja ventilatsiooni. Madrats sobib&nbsp;<a href=\"https:\/\/magniflex.ee\/ee\/product\/riposo-3d-air\/\" class=\"read-more\">Continue Reading<\/a><\/p>\n","protected":false},"featured_media":2376,"comment_status":"closed","ping_status":"closed","template":"","meta":[],"_links":{"self":[{"href":"https:\/\/magniflex.ee\/ee\/wp-json\/wp\/v2\/product\/2375"}],"collection":[{"href":"https:\/\/magniflex.ee\/ee\/wp-json\/wp\/v2\/product"}],"about":[{"href":"https:\/\/magniflex.ee\/ee\/wp-json\/wp\/v2\/types\/product"}],"replies":[{"embeddable":true,"href":"https:\/\/magniflex.ee\/ee\/wp-json\/wp\/v2\/comments?post=2375"}],"wp:featuredmedia":[{"embeddable":true,"href":"https:\/\/magniflex.ee\/ee\/wp-json\/wp\/v2\/media\/2376"}],"wp:attachment":[{"href":"https:\/\/magniflex.ee\/ee\/wp-json\/wp\/v2\/media?parent=2375"}],"curies":[{"name":"wp","href":"https:\/\/api.w.org\/{rel}","templated":true}]}}